{"id":121,"date":"2017-05-30T19:17:26","date_gmt":"2017-05-30T17:17:26","guid":{"rendered":"https:\/\/design.tecubit.de\/?page_id=121"},"modified":"2017-08-23T08:48:49","modified_gmt":"2017-08-23T06:48:49","slug":"netzwerkmanagement-und-administration","status":"publish","type":"page","link":"https:\/\/tecubit.de\/index.php\/leistungen\/netzwerkmanagement-und-administration\/","title":{"rendered":"Netzwerkmanagement und Administration"},"content":{"rendered":"<p>Mit unseren Leistungen erm\u00f6glichen wir Ihnen den zuverl\u00e4ssigen Betrieb Ihrer IT-Infrastruktur und zentralen IT-Systeme und sorgen damit f\u00fcr reibungslose Gesch\u00e4ftsabl\u00e4ufe in Ihrem Unternehmen. Wir unterst\u00fctzen Sie bei Ihren Anforderungen nach Verf\u00fcgbarkeit, Ausfallsicherheit, Performance, Datendurchsatz, Skalierbarkeit, Flexibilit\u00e4t und einer optimalen Kostenstruktur.<\/p>\n<p>&nbsp;<\/p>\n<p>Folgende Leistungen k\u00f6nnen Sie von uns in Anspruch nehmen:<\/p>\n<ul class=\"green_point\">\n<li>Entwurf und Implementierung von ausfallgesch\u00fctzten redundanten Netzwerkstrukturen<\/li>\n<li>Installation, Konfiguration und Wartung von Netzwerkverteilern, Routern und Firewalls<\/li>\n<li>Anbindung von Au\u00dfenstellen und einzelnen mobilen Ger\u00e4ten per VPN<\/li>\n<li>Netzwerkmanagement: Adressvergabe, Routen, Bandbreitensteuerung, VLAN, DMZ<\/li>\n<li>Planung, Installation und Betrieb gesicherter WLANs mit optionalen Gastzug\u00e4ngen<\/li>\n<li>Zentrales Sicherheitsmanagement von WLAN- Zug\u00e4ngen und Access Points<\/li>\n<li>Proaktive \u00dcberwachung von Netzwerkverbindungen (Internet, DSL, VPN)<\/li>\n<li>Konfigurationsmanagement von Netzwerkdruckern und Multifunktions-Kopierger\u00e4ten<\/li>\n<li>Management von Internetanschl\u00fcssen, Steuerung von Drittanbietern wie z.B. Telekom<\/li>\n<li>Auswertung der Nutzung und Tarifoptimierung von TK-Anschl\u00fcssen (Mobil\/Festnetz)<\/li>\n<li>Installation, Einrichtung und Betrieb von VOIP-Telefoniesystemen<\/li>\n<li>Konfigurationsmanagement von TK-Anlagen und VOIP-Infrastrukturkomponenten<\/li>\n<li>Administration von Active Directory und Exchange Servern, Migrationen<\/li>\n<li>Einrichtung und Management von Terminalserverumgebungen<\/li>\n<li>Einrichtung und Management virtueller Maschinen<\/li>\n<li>Entwerfen, Anlegen und Verwalten von Berechtigungsstrukturen und Gruppenrichtlinien<\/li>\n<li>Einrichtung, Wartung, Betrieb von Datenbankservern und Datenbanken<\/li>\n<li>Wartung und \u00dcberwachung lokaler Serverhardware und deren Klimatisierung<\/li>\n<li>\u00dcberwachung der Datentr\u00e4gerabnutzung zur Ausfallfr\u00fcherkennung und -pr\u00e4vention<\/li>\n<li>\u00dcberwachung von Festplattenauslastung, Systemereignissen und Systemdiensten<\/li>\n<li>\u00dcberwachung des Schutzstatus von Servern und Installation von Sicherheitsupdates<\/li>\n<\/ul>\n","protected":false},"excerpt":{"rendered":"<p>Mit unseren Leistungen erm\u00f6glichen wir Ihnen den zuverl\u00e4ssigen Betrieb Ihrer IT-Infrastruktur und zentralen IT-Systeme und sorgen damit f\u00fcr reibungslose Gesch\u00e4ftsabl\u00e4ufe in Ihrem Unternehmen. Wir unterst\u00fctzen Sie bei Ihren Anforderungen nach Verf\u00fcgbarkeit, Ausfallsicherheit, Performance, Datendurchsatz, Skalierbarkeit, Flexibilit\u00e4t und einer optimalen Kostenstruktur. &nbsp; Folgende Leistungen k\u00f6nnen Sie von uns in Anspruch nehmen: Entwurf und Implementierung von ausfallgesch\u00fctzten &hellip;<\/p>\n","protected":false},"author":1,"featured_media":0,"parent":85,"menu_order":0,"comment_status":"closed","ping_status":"closed","template":"","meta":{"footnotes":""},"class_list":["post-121","page","type-page","status-publish",""],"_links":{"self":[{"href":"https:\/\/tecubit.de\/index.php\/wp-json\/wp\/v2\/pages\/121","targetHints":{"allow":["GET"]}}],"collection":[{"href":"https:\/\/tecubit.de\/index.php\/wp-json\/wp\/v2\/pages"}],"about":[{"href":"https:\/\/tecubit.de\/index.php\/wp-json\/wp\/v2\/types\/page"}],"author":[{"embeddable":true,"href":"https:\/\/tecubit.de\/index.php\/wp-json\/wp\/v2\/users\/1"}],"replies":[{"embeddable":true,"href":"https:\/\/tecubit.de\/index.php\/wp-json\/wp\/v2\/comments?post=121"}],"version-history":[{"count":10,"href":"https:\/\/tecubit.de\/index.php\/wp-json\/wp\/v2\/pages\/121\/revisions"}],"predecessor-version":[{"id":507,"href":"https:\/\/tecubit.de\/index.php\/wp-json\/wp\/v2\/pages\/121\/revisions\/507"}],"up":[{"embeddable":true,"href":"https:\/\/tecubit.de\/index.php\/wp-json\/wp\/v2\/pages\/85"}],"wp:attachment":[{"href":"https:\/\/tecubit.de\/index.php\/wp-json\/wp\/v2\/media?parent=121"}],"curies":[{"name":"wp","href":"https:\/\/api.w.org\/{rel}","templated":true}]}}