{"id":126,"date":"2017-05-30T19:30:31","date_gmt":"2017-05-30T17:30:31","guid":{"rendered":"https:\/\/design.tecubit.de\/?page_id=126"},"modified":"2017-08-23T08:49:18","modified_gmt":"2017-08-23T06:49:18","slug":"application-management","status":"publish","type":"page","link":"https:\/\/tecubit.de\/index.php\/leistungen\/application-management\/","title":{"rendered":"Application Management"},"content":{"rendered":"<p>Mit der Inanspruchnahme unsere Leistungen profitieren Sie von unserem Know-How zu einer Vielzahl an Fachanwendungen und ERP-Systemen, einschlie\u00dflich verschiedener Auspr\u00e4gungen von SAP-Systemen.<\/p>\n<p>&nbsp;<\/p>\n<p>Wir kennen die Datenmodelle und Konzepte der Abbildung von Gesch\u00e4ftsprozessen vieler Fachanwendungen und haben umfangreiche Erfahrungen in der Entwicklung von Schnittstellen und bei der Durchf\u00fchrung von Datenmigrationen. Damit haben wir die M\u00f6glichkeit, Ihnen innovative Impulse f\u00fcr die effizientere Nutzung Ihrer Anwendungen oder die Optimierung der mit der Anwendung abgebildeten Gesch\u00e4ftsprozesse zu geben.<\/p>\n<p>Unsere IT-Spezialisten sind in der Lage, sich in kurzer Zeit in die individuellen Besonderheiten Ihrer Fachanwendungen einzuarbeiten und das gewonnene Wissen an Sie oder Ihre Mitarbeiter weiter zu geben.<\/p>\n<p>&nbsp;<\/p>\n<p>Folgende Leistungen k\u00f6nnen Sie von uns in Anspruch nehmen:<\/p>\n<ul class=\"green_point\">\n<li>Installation, Einrichtung, Betrieb, Pflege und Wartung von Fachanwendungen<\/li>\n<li>Erstellung von anwendungsspezifischen Richtlinien f\u00fcr Terminalserverumgebungen<\/li>\n<li>Ressourcen\u00fcberwachung und Resourcenoptimierung f\u00fcr Fachanwendungen<\/li>\n<li>Pflege von Benutzerkonten und Zugriffsrechte-Strukturen in Fachanwendungen<\/li>\n<li>Installation, Wartung und Betrieb von Schnittstellen zu Fachanwendungen<\/li>\n<li>Customizing und Modifikation von Fachanwendungen<\/li>\n<li>Analyse von Software und Updates von Fachanwendungen in Bezug auf die Datensicherheit<\/li>\n<li>Einrichten von Testumgebungen f\u00fcr kritische Updates und Testdurchf\u00fchrung<\/li>\n<li>Migrationen von Datenbanken und Daten von Fachanwendungen<\/li>\n<li>Aufbereitung von Daten, Daten\u00fcbernahmen und Einspielen von Daten in Fachanwendungen<\/li>\n<li>F\u00fchren von Dokumentationen zu Fachanwendungen<\/li>\n<li>Erstellen von individuellen Schulungsunterlagen, zugeschnitten auf Ihre Gesch\u00e4ftsprozesse<\/li>\n<li>Bearbeitung anwendungsspezfischer Fehlermeldungen<\/li>\n<li>Anwendungsspezifischer Benutzersupport<\/li>\n<\/ul>\n","protected":false},"excerpt":{"rendered":"<p>Mit der Inanspruchnahme unsere Leistungen profitieren Sie von unserem Know-How zu einer Vielzahl an Fachanwendungen und ERP-Systemen, einschlie\u00dflich verschiedener Auspr\u00e4gungen von SAP-Systemen. &nbsp; Wir kennen die Datenmodelle und Konzepte der Abbildung von Gesch\u00e4ftsprozessen vieler Fachanwendungen und haben umfangreiche Erfahrungen in der Entwicklung von Schnittstellen und bei der Durchf\u00fchrung von Datenmigrationen. Damit haben wir die M\u00f6glichkeit, &hellip;<\/p>\n","protected":false},"author":1,"featured_media":0,"parent":85,"menu_order":0,"comment_status":"closed","ping_status":"closed","template":"","meta":{"footnotes":""},"class_list":["post-126","page","type-page","status-publish",""],"_links":{"self":[{"href":"https:\/\/tecubit.de\/index.php\/wp-json\/wp\/v2\/pages\/126","targetHints":{"allow":["GET"]}}],"collection":[{"href":"https:\/\/tecubit.de\/index.php\/wp-json\/wp\/v2\/pages"}],"about":[{"href":"https:\/\/tecubit.de\/index.php\/wp-json\/wp\/v2\/types\/page"}],"author":[{"embeddable":true,"href":"https:\/\/tecubit.de\/index.php\/wp-json\/wp\/v2\/users\/1"}],"replies":[{"embeddable":true,"href":"https:\/\/tecubit.de\/index.php\/wp-json\/wp\/v2\/comments?post=126"}],"version-history":[{"count":8,"href":"https:\/\/tecubit.de\/index.php\/wp-json\/wp\/v2\/pages\/126\/revisions"}],"predecessor-version":[{"id":485,"href":"https:\/\/tecubit.de\/index.php\/wp-json\/wp\/v2\/pages\/126\/revisions\/485"}],"up":[{"embeddable":true,"href":"https:\/\/tecubit.de\/index.php\/wp-json\/wp\/v2\/pages\/85"}],"wp:attachment":[{"href":"https:\/\/tecubit.de\/index.php\/wp-json\/wp\/v2\/media?parent=126"}],"curies":[{"name":"wp","href":"https:\/\/api.w.org\/{rel}","templated":true}]}}