{"id":152,"date":"2017-05-30T19:38:57","date_gmt":"2017-05-30T17:38:57","guid":{"rendered":"https:\/\/design.tecubit.de\/?page_id=152"},"modified":"2017-08-23T08:55:50","modified_gmt":"2017-08-23T06:55:50","slug":"reporting-und-auswertungen","status":"publish","type":"page","link":"https:\/\/tecubit.de\/index.php\/kompetenzen\/reporting-und-auswertungen\/","title":{"rendered":"Reporting und Auswertungen"},"content":{"rendered":"<p>Mit unseren Reporting-L\u00f6sungen erm\u00f6glichen wie Ihren Mitarbeitern den einfachen Zugriff auf Daten und Analyseergebnisse, mit denen sie ihre t\u00e4gliche Arbeit effizienter gestalten k\u00f6nnen.<\/p>\n<p>Dies geschieht unabh\u00e4ngig davon, aus welchen Quellen oder Systemen die Daten stammen, die in Auswertungen einflie\u00dfen.<\/p>\n<p>&nbsp;<\/p>\n<p>Um Daten zu erhalten oder zusammenzutragen, m\u00fcssen Ihre Mitarbeiter nicht mehr die Mitarbeiter anderer Abteilungen kontaktieren, sie k\u00f6nnen entsprechend Ihrer individuellen Zugriffsrechte alle Daten und Analysen, die sie ben\u00f6tigen, selber abrufen.<\/p>\n<p>&nbsp;<\/p>\n<p>Unsere Reporting-L\u00f6sungen erfordern keine Schulungen der Mitarbeiter &#8211; einfachste Excel-Kenntnisse reichen zur Nutzung und Bedienung aus.<\/p>\n<p>&nbsp;<\/p>\n<p>In vielen durch uns betreuten Unternehmen z\u00e4hlen die Reporting-L\u00f6sungen zu den wichtigsten Arbeitsmitteln und sind der mit Abstand gr\u00f6\u00dfte Produktivit\u00e4tstreiber an allen IT-Arbeitspl\u00e4tzen geworden.<\/p>\n","protected":false},"excerpt":{"rendered":"<p>Mit unseren Reporting-L\u00f6sungen erm\u00f6glichen wie Ihren Mitarbeitern den einfachen Zugriff auf Daten und Analyseergebnisse, mit denen sie ihre t\u00e4gliche Arbeit effizienter gestalten k\u00f6nnen. Dies geschieht unabh\u00e4ngig davon, aus welchen Quellen oder Systemen die Daten stammen, die in Auswertungen einflie\u00dfen. &nbsp; Um Daten zu erhalten oder zusammenzutragen, m\u00fcssen Ihre Mitarbeiter nicht mehr die Mitarbeiter anderer Abteilungen &hellip;<\/p>\n","protected":false},"author":1,"featured_media":0,"parent":136,"menu_order":0,"comment_status":"closed","ping_status":"closed","template":"","meta":{"footnotes":""},"class_list":["post-152","page","type-page","status-publish",""],"_links":{"self":[{"href":"https:\/\/tecubit.de\/index.php\/wp-json\/wp\/v2\/pages\/152","targetHints":{"allow":["GET"]}}],"collection":[{"href":"https:\/\/tecubit.de\/index.php\/wp-json\/wp\/v2\/pages"}],"about":[{"href":"https:\/\/tecubit.de\/index.php\/wp-json\/wp\/v2\/types\/page"}],"author":[{"embeddable":true,"href":"https:\/\/tecubit.de\/index.php\/wp-json\/wp\/v2\/users\/1"}],"replies":[{"embeddable":true,"href":"https:\/\/tecubit.de\/index.php\/wp-json\/wp\/v2\/comments?post=152"}],"version-history":[{"count":5,"href":"https:\/\/tecubit.de\/index.php\/wp-json\/wp\/v2\/pages\/152\/revisions"}],"predecessor-version":[{"id":366,"href":"https:\/\/tecubit.de\/index.php\/wp-json\/wp\/v2\/pages\/152\/revisions\/366"}],"up":[{"embeddable":true,"href":"https:\/\/tecubit.de\/index.php\/wp-json\/wp\/v2\/pages\/136"}],"wp:attachment":[{"href":"https:\/\/tecubit.de\/index.php\/wp-json\/wp\/v2\/media?parent=152"}],"curies":[{"name":"wp","href":"https:\/\/api.w.org\/{rel}","templated":true}]}}