{"id":162,"date":"2017-05-30T19:43:14","date_gmt":"2017-05-30T17:43:14","guid":{"rendered":"https:\/\/design.tecubit.de\/?page_id=162"},"modified":"2017-08-23T08:50:24","modified_gmt":"2017-08-23T06:50:24","slug":"softwareentwicklung","status":"publish","type":"page","link":"https:\/\/tecubit.de\/index.php\/leistungen\/softwareentwicklung\/","title":{"rendered":"Softwareentwicklung"},"content":{"rendered":"<p>Individualit\u00e4t ist Ihr Wettbewerbsvorteil. Unsere Entwicklungsleistungen dienen Ihnen dabei als pers\u00f6nlicher Produktivit\u00e4tstreiber f\u00fcr Ihre Digitalisierungsvorhaben. Sie erm\u00f6glichen es Ihnen Arbeitsabl\u00e4ufe zu optimieren und die Wirtschaftlichkeit Ihrer Unternehmensprozesse zu steigern und so Ihren Unternehmenserfolg langfristig zu sichern.<\/p>\n<p>&nbsp;<\/p>\n<p>Wir unterst\u00fctzen Sie mit der Erstellung von Schnittstellen f\u00fcr den individuellen Datenaustausch zwischen verschiedenen Anwendungsprogrammen, ERP-Systemen oder sonstigen Datenquellen. Das mehrfache Pflegen von Daten in verschiedenen Systemen oder Abteilungen Ihres Unternehmens geh\u00f6rt damit der Vergangenheit an.<\/p>\n<p>&nbsp;<\/p>\n<p>Wir entwickeln Zusatzmodule oder Online-Anwendungen und binden diese an Ihre Systeme an. Dabei integrieren wir Ihre bestehende Softwarelandschaft zuverl\u00e4ssig und wartungsarm, um die Kosten f\u00fcr den laufenden Betrieb und sp\u00e4tere Systemver\u00e4nderungen, Releasewechsel oder Erweiterungen gering zu halten.<\/p>\n<p>&nbsp;<\/p>\n<p>Wir analysieren Ihre Anforderungen und Gesch\u00e4ftsabl\u00e4ufe und schlagen Ihnen L\u00f6sungen vor zur Verbesserung von Produktivit\u00e4t, Prozessabl\u00e4ufen, Datenpflege und Datenqualit\u00e4t. Wir erstellen f\u00fcr Sie Produktivit\u00e4tshilfsmittel, angefangen vom einfachen Word- oder Excel-Makro \u00fcber kleine Datenbankanwendungen mit Windows-Benutzeroberfl\u00e4chen bis hin zu webbasierten Online-Anwendungen oder komplexen Serverapplikationen einschlie\u00dflich mobiler Datenerfassung mit neuesten Technologien.<\/p>\n<p>&nbsp;<\/p>\n<p>Unsere Mitarbeiter haben weitreichende Erfahrungen im Revers-Engineering-Bereich. Dadurch sind wir in der Lage, uns in k\u00fcrzester Zeit in Datenstrukturen unterschiedlicher ERP-Systeme oder andere Anwendungssoftware einzuarbeiten und Ihnen sehr schnell ben\u00f6tigte Datenauswertungen oder Schnittstellen bereitzustellen.<\/p>\n<p>&nbsp;<\/p>\n<p>Durch eine Vielzahl durchgef\u00fchrter SAP-Projekten kennen wir die internen Datenbankstrukturen von SAP in vielen Modulen sehr gut und k\u00f6nnen Sie in diesem Bereich bei der Erstellung von Datenauswertungen und Reporten hervorragend unterst\u00fctzen.<\/p>\n","protected":false},"excerpt":{"rendered":"<p>Individualit\u00e4t ist Ihr Wettbewerbsvorteil. Unsere Entwicklungsleistungen dienen Ihnen dabei als pers\u00f6nlicher Produktivit\u00e4tstreiber f\u00fcr Ihre Digitalisierungsvorhaben. Sie erm\u00f6glichen es Ihnen Arbeitsabl\u00e4ufe zu optimieren und die Wirtschaftlichkeit Ihrer Unternehmensprozesse zu steigern und so Ihren Unternehmenserfolg langfristig zu sichern. &nbsp; Wir unterst\u00fctzen Sie mit der Erstellung von Schnittstellen f\u00fcr den individuellen Datenaustausch zwischen verschiedenen Anwendungsprogrammen, ERP-Systemen oder sonstigen &hellip;<\/p>\n","protected":false},"author":1,"featured_media":0,"parent":85,"menu_order":0,"comment_status":"closed","ping_status":"closed","template":"","meta":{"footnotes":""},"class_list":["post-162","page","type-page","status-publish",""],"_links":{"self":[{"href":"https:\/\/tecubit.de\/index.php\/wp-json\/wp\/v2\/pages\/162","targetHints":{"allow":["GET"]}}],"collection":[{"href":"https:\/\/tecubit.de\/index.php\/wp-json\/wp\/v2\/pages"}],"about":[{"href":"https:\/\/tecubit.de\/index.php\/wp-json\/wp\/v2\/types\/page"}],"author":[{"embeddable":true,"href":"https:\/\/tecubit.de\/index.php\/wp-json\/wp\/v2\/users\/1"}],"replies":[{"embeddable":true,"href":"https:\/\/tecubit.de\/index.php\/wp-json\/wp\/v2\/comments?post=162"}],"version-history":[{"count":5,"href":"https:\/\/tecubit.de\/index.php\/wp-json\/wp\/v2\/pages\/162\/revisions"}],"predecessor-version":[{"id":363,"href":"https:\/\/tecubit.de\/index.php\/wp-json\/wp\/v2\/pages\/162\/revisions\/363"}],"up":[{"embeddable":true,"href":"https:\/\/tecubit.de\/index.php\/wp-json\/wp\/v2\/pages\/85"}],"wp:attachment":[{"href":"https:\/\/tecubit.de\/index.php\/wp-json\/wp\/v2\/media?parent=162"}],"curies":[{"name":"wp","href":"https:\/\/api.w.org\/{rel}","templated":true}]}}